{"id":165,"date":"2018-03-21T10:33:36","date_gmt":"2018-03-21T10:33:36","guid":{"rendered":"https:\/\/www.bakaros.de\/?page_id=165"},"modified":"2019-02-27T16:43:03","modified_gmt":"2019-02-27T15:43:03","slug":"one-page-express","status":"publish","type":"page","link":"https:\/\/www.bakaros.de\/","title":{"rendered":"Home"},"content":{"rendered":"<div  class=\"features-coloured-icon-boxes-section\" id=\"overlapable-2\" style=\"background-color: #ffffff; background-image: none;\" data-id=\"stripped-coloured-icon-boxes\" data-overlap=\"true\" data-label=\"Overlapable\" data-category=\"overlapable\" data-ovid=\"ovid-overlapable-2-135\">\n<div  class=\"gridContainer\">\n<div  class=\"features-coloured-icon-boxes-innerrow flexbox-list dark-text\" data-type=\"row\">\n<div  class=\"features-coloured-icon-boxes-featurecol cp3cols\">\n<a  href=\"https:\/\/www.bakaros.de?page_id=174\" class=\"\"><\/p>\n<div  class=\"features-coloured-icon-boxes-iconcontainer\" data-content-item-container=\"true\"><strong ><span style=\"color: #ffffff;\">Baukasten<\/span><\/strong><\/div>\n<p><\/a><\/p>\n<p  class=\"\">Mit diesem Baukasten&nbsp;k\u00f6nnen junge Entdecker einfache bis mittelkomplexe optische Systeme&nbsp;zeiteffizient&nbsp;aufbauen und die&nbsp;Photonik spielerisch&nbsp;kennenlernen.<\/p>\n<p  class=\"\"><a  href=\"https:\/\/www.bakaros.de?page_id=174\" class=\"\">Mehr \u2026<\/a><\/p>\n<\/div>\n<div  class=\"features-coloured-icon-boxes-featurecol cp3cols\">\n<a  href=\"https:\/\/www.bakaros.de?page_id=176\" class=\"\"><\/p>\n<div  class=\"features-coloured-icon-boxes-iconcontainer\" data-content-item-container=\"true\"><strong ><span style=\"color: #ffffff;\">Software-Tools<\/span><\/strong><\/div>\n<p><\/a><\/p>\n<p  class=\"\">Zwei Systeme: das Expertensystem&nbsp;f\u00fcr Hobby-Nutzer und&nbsp;das Simulationssystem&nbsp;f\u00fcr Profi-Anwender sollen&nbsp;allen den Zugang zur Photonik zu erm\u00f6glichen.<\/p>\n<p  class=\"\"><a  href=\"https:\/\/www.bakaros.de?page_id=176\" class=\"\">Mehr \u2026<\/a><\/p>\n<\/div>\n<div  class=\"features-coloured-icon-boxes-featurecol cp3cols\">\n<a  href=\"https:\/\/www.bakaros.de?page_id=495\" class=\"\"><\/p>\n<div  class=\"features-coloured-icon-boxes-iconcontainer\" data-content-item-container=\"true\"><strong ><span style=\"color: #ffffff;\">Anwendungen<\/span><\/strong><\/div>\n<p><\/a><\/p>\n<p  class=\"\">Alle Photonikanwendungen stehen mit Bauanleitungen, Bezugsquellen&nbsp;und Source-Code zum Download&nbsp;zur Verf\u00fcgung.<br \/>\nWir freuen uns&nbsp; auf neue Ideen.<\/p>\n<p  class=\"\"><a  href=\"https:\/\/www.bakaros.de?page_id=495\" class=\"\">Mehr \u2026<\/a><\/p>\n<\/div>\n<div  class=\"features-coloured-icon-boxes-featurecol cp3cols\">\n<a  href=\"https:\/\/www.bakaros.de?page_id=180\" class=\"\"><\/p>\n<div  class=\"features-coloured-icon-boxes-iconcontainer\" data-content-item-container=\"true\"><strong ><span style=\"color: #ffffff;\">Events<\/span><\/strong><\/div>\n<p><\/a><\/p>\n<p  class=\"\">Wir haben j\u00e4hrlich mehrere Veranstaltungen f\u00fcr Sch\u00fcler, Studenten, Maker, Forscher und Professionals. Sei bei den n\u00e4chsten Workshops dabei!<\/p>\n<p  class=\"\"><a  href=\"https:\/\/www.bakaros.de?page_id=180\" class=\"\">Mehr \u2026<\/a><\/p>\n<\/div>\n<\/div>\n<\/div>\n<\/div>\n<div  class=\"about-big-images-section\" id=\"about-1\" style=\"background-color: #f6f6f6;\" data-id=\"about-big-images-section\" data-label=\"About\" data-category=\"about\">\n<div  class=\"gridContainer\">\n<div  class=\"about-big-images-textrow\">\n<div  class=\"about-big-images-textcol dynamic-color\" data-type=\"column\">\n<h5  class=\"\">Unsere Nutzergruppen<\/h5>\n<h3  class=\"\">Von&nbsp;Kindern bis zu Profis<\/h3>\n<p>Wir entwickeln den Baukasten f\u00fcr Sch\u00fclerexperimente, f\u00fcr studentische Ausbildung, f\u00fcr die Erforschung der Anwendungspotenziale der&nbsp;Photonik und f\u00fcr das Lean Prototyping im Produktentwicklungsprozess.<\/p>\n<p><a  class=\"button blue big contact\" href=\"https:\/\/www.bakaros.de?page_id=375\" target=\"_self\">Kontakt<\/a><\/p>\n<\/div>\n<\/div>\n<\/div>\n<div  class=\"about-big-images-bottomrow\">\n<div  class=\"about-big-images-leftimgcol\"><img loading=\"lazy\" decoding=\"async\"  class=\"alignnone size-medium wp-image-194\" alt=\"\" src=\"https:\/\/www.bakaros.de\/wp-content\/uploads\/2018\/03\/Sch\u00fclerworkshop_klein-300x225.jpg\" srcset=\"https:\/\/www.bakaros.de\/wp-content\/uploads\/2018\/03\/Sch\u00fclerworkshop_klein-300x225.jpg 300w, https:\/\/www.bakaros.de\/wp-content\/uploads\/2018\/03\/Sch\u00fclerworkshop_klein-768x576.jpg 768w, https:\/\/www.bakaros.de\/wp-content\/uploads\/2018\/03\/Sch\u00fclerworkshop_klein.jpg 816w\" sizes=\"auto, (max-width: 300px) 100vw, 300px\" width=\"300\" height=\"225\"><\/div>\n<div  class=\"about-big-images-centerimgcol\"><img loading=\"lazy\" decoding=\"async\"  class=\"wp-image-195 aligncenter\" alt=\"\" src=\"https:\/\/www.bakaros.de\/wp-content\/uploads\/2018\/03\/13-1024x768.jpg\" srcset=\"https:\/\/www.bakaros.de\/wp-content\/uploads\/2018\/03\/13-1024x768.jpg 1024w, https:\/\/www.bakaros.de\/wp-content\/uploads\/2018\/03\/13-300x225.jpg 300w, https:\/\/www.bakaros.de\/wp-content\/uploads\/2018\/03\/13-768x576.jpg 768w, https:\/\/www.bakaros.de\/wp-content\/uploads\/2018\/03\/13-1440x1080.jpg 1440w\" sizes=\"auto, (max-width: 524px) 100vw, 524px\" width=\"524\" height=\"393\"><\/div>\n<div  class=\"about-big-images-rightimgcol\">\n<p><img loading=\"lazy\" decoding=\"async\"  class=\"size-medium wp-image-196\" alt=\"\" src=\"https:\/\/www.bakaros.de\/wp-content\/uploads\/2018\/03\/Teleskop_IAO_03_klein-300x200.jpg\" srcset=\"https:\/\/www.bakaros.de\/wp-content\/uploads\/2018\/03\/Teleskop_IAO_03_klein-300x200.jpg 300w, https:\/\/www.bakaros.de\/wp-content\/uploads\/2018\/03\/Teleskop_IAO_03_klein.jpg 461w\" sizes=\"auto, (max-width: 300px) 100vw, 300px\" width=\"300\" height=\"200\"><\/p>\n<\/div>\n<\/div>\n<\/div>\n<div  data-label=\"Clients\" data-id=\"clients-grid-section\" data-category=\"clients\" class=\"clients-grid-section\" id=\"clients-1\" style=\"background-color: rgb(255, 255, 255); background-image: none;\" data-ovid=\"ovid-clients-1-289\">\n<div  class=\"gridContainer\">\n<div  class=\"clients-grid-textrow row\" data-type=\"column\">\n<div  data-type=\"column\" class=\"clients-grid-textcol dynamic-color\">\n<h2  class=\"\">Unsere Partner<\/h2>\n<\/p><\/div>\n<\/p><\/div>\n<div  class=\"row\" data-type=\"row\" data-add-content=\"false\">\n<div  class=\"clients-grid-itemcol cp3cols-tablet cp4cols\">\n<div  class=\"middle_align5\"><a  href=\"https:\/\/www.iao.fraunhofer.de\/lang-de\" target=\"_blank\" class=\"\"><img decoding=\"async\"  class=\"clients-grid-itemimg\" src=\"https:\/\/www.bakaros.de\/wp-content\/uploads\/2018\/11\/FraunhoferIAO.jpg\"><\/a> <\/div>\n<\/p><\/div>\n<div  class=\"clients-grid-itemcol cp3cols-tablet cp4cols\">\n<div  class=\"middle_align5\"><a  href=\"http:\/\/www.ito.uni-stuttgart.de\" class=\"\" target=\"_blank\"><img decoding=\"async\"  class=\"clients-grid-itemimg\" src=\"https:\/\/www.bakaros.de\/wp-content\/uploads\/2018\/11\/ITO_Logo_standard_UniDots_transp_2048.png\"><\/a> <\/div>\n<\/p><\/div>\n<p>   <a  href=\"#\" target=\"blank\"> <\/a>   <\/p>\n<div  class=\"clients-grid-itemcol cp3cols cp3cols-tablet\">\n<div  class=\"middle_align5\"><a  href=\"https:\/\/www.photonikforschung.de\/projekte\/open-innovation\/projekt\/bakaros.html\" target=\"_blank\" class=\"\"><img decoding=\"async\"  class=\"clients-grid-itemimg\" src=\"https:\/\/www.bakaros.de\/wp-content\/uploads\/2018\/11\/bundesministerium_cropped.png\"><\/a> <\/div>\n<\/p><\/div>\n<\/div><\/div>\n<\/div>\n","protected":false},"excerpt":{"rendered":"<p>Baukasten Mit diesem Baukasten&nbsp;k\u00f6nnen junge Entdecker einfache bis mittelkomplexe optische Systeme&nbsp;zeiteffizient&nbsp;aufbauen und die&nbsp;Photonik spielerisch&nbsp;kennenlernen. Mehr \u2026 Software-Tools Zwei Systeme: das Expertensystem&nbsp;f\u00fcr Hobby-Nutzer und&nbsp;das Simulationssystem&nbsp;f\u00fcr Profi-Anwender sollen&nbsp;allen den Zugang zur Photonik zu erm\u00f6glichen. Mehr \u2026 Anwendungen Alle Photonikanwendungen stehen mit Bauanleitungen, Bezugsquellen&nbsp;und Source-Code zum Download&nbsp;zur Verf\u00fcgung. Wir freuen uns&nbsp; auf neue Ideen. Mehr \u2026 Events Wir&hellip; <br \/> <a class=\"button small blue\" href=\"https:\/\/www.bakaros.de\/\">Weiterlesen<\/a><\/p>\n","protected":false},"author":2,"featured_media":0,"parent":0,"menu_order":0,"comment_status":"closed","ping_status":"closed","template":"full-width-page.php","meta":{"footnotes":""},"class_list":["post-165","page","type-page","status-publish","hentry","user-has-not-earned"],"_links":{"self":[{"href":"https:\/\/www.bakaros.de\/index.php?rest_route=\/wp\/v2\/pages\/165","targetHints":{"allow":["GET"]}}],"collection":[{"href":"https:\/\/www.bakaros.de\/index.php?rest_route=\/wp\/v2\/pages"}],"about":[{"href":"https:\/\/www.bakaros.de\/index.php?rest_route=\/wp\/v2\/types\/page"}],"author":[{"embeddable":true,"href":"https:\/\/www.bakaros.de\/index.php?rest_route=\/wp\/v2\/users\/2"}],"replies":[{"embeddable":true,"href":"https:\/\/www.bakaros.de\/index.php?rest_route=%2Fwp%2Fv2%2Fcomments&post=165"}],"version-history":[{"count":93,"href":"https:\/\/www.bakaros.de\/index.php?rest_route=\/wp\/v2\/pages\/165\/revisions"}],"predecessor-version":[{"id":859,"href":"https:\/\/www.bakaros.de\/index.php?rest_route=\/wp\/v2\/pages\/165\/revisions\/859"}],"wp:attachment":[{"href":"https:\/\/www.bakaros.de\/index.php?rest_route=%2Fwp%2Fv2%2Fmedia&parent=165"}],"curies":[{"name":"wp","href":"https:\/\/api.w.org\/{rel}","templated":true}]}}