{"id":174,"date":"2018-03-21T10:54:45","date_gmt":"2018-03-21T10:54:45","guid":{"rendered":"https:\/\/www.bakaros.de\/?page_id=174"},"modified":"2019-11-29T20:29:37","modified_gmt":"2019-11-29T19:29:37","slug":"baukasten","status":"publish","type":"page","link":"https:\/\/www.bakaros.de\/?page_id=174","title":{"rendered":"Baukasten"},"content":{"rendered":"<h2>Bauteile<\/h2>\n<div class=\"anwendungen reverse\">\n<div class=\"vorschau\"><img decoding=\"async\" src=\"https:\/\/www.bakaros.de\/wp-content\/uploads\/2019\/11\/thumbnail_linsenfassung.png\" \/><\/div>\n<div class=\"beschreibung\">\n<h3 style=\"color: #03a9f4;\">Doppellinsenfassung D18 3015<\/h3>\n<p><a class=\"downloadbutton\" href=\"https:\/\/www.bakaros.de\/wp-content\/uploads\/2019\/11\/DoppellinsenfassungD18_3015_light_M2_3-2.zip\">3D-Daten herunterladen<\/a>\n<\/div>\n<\/div>\n<div class=\"anwendungen\">\n<div class=\"vorschau\"><img decoding=\"async\" src=\"https:\/\/www.bakaros.de\/wp-content\/uploads\/2019\/11\/thumbnail_Spiegelhalter.png\" \/><\/div>\n<div class=\"beschreibung\">\n<h3 style=\"color: #03a9f4;\">Winkel Spiegel 3030<\/h3>\n<p><a class=\"downloadbutton\" href=\"https:\/\/www.bakaros.de\/wp-content\/uploads\/2019\/11\/Winkelspiegel_3030_M7.zip\">3D-Daten herunterladen<\/a>\n<\/div>\n<\/div>\n<div class=\"anwendungen reverse\">\n<div class=\"vorschau\"><img decoding=\"async\" src=\"https:\/\/www.bakaros.de\/wp-content\/uploads\/2019\/02\/LinsenfassungD61-6015.png\" \/><\/div>\n<div class=\"beschreibung\">\n<h3 style=\"color: #03a9f4;\">Linsenfassung D61 6015<\/h3>\n<p><a class=\"downloadbutton\" href=\"https:\/\/www.bakaros.de\/wp-content\/uploads\/2019\/02\/LinsenfassungD61_6015.zip\">3D-Daten herunterladen<\/a>\n<\/div>\n<\/div>\n<p><!-- ##### auskommentiert #########\n\n\n\n\n<div class=\"anwendungen\">\n\n\n\n\n<div class=\"vorschau\"><img decoding=\"async\" src=\"https:\/\/www.bakaros.de\/wp-content\/uploads\/2019\/11\/thumbnail_LinsenfassungD45.png\" \/><\/div>\n\n\n\n\n\n\n\n\n<div class=\"beschreibung\">\n\n\n\n\n<h3 style=\"color: #03a9f4;\">Linsenfassung D45 6015<\/h3>\n\n\n\n\n<a class=\"downloadbutton\" href=\"https:\/\/www.bakaros.de\/wp-content\/uploads\/2019\/11\/LinsenfassungD45_6015_2-1.zip\">3D-Daten herunterladen<\/a>\n<\/div>\n\n\n\n\n<\/div>\n\n\n\n\n auskommentiert Ende ####--><\/p>\n<div class=\"anwendungen reverse\">\n<div class=\"vorschau\"><img decoding=\"async\" src=\"https:\/\/www.bakaros.de\/wp-content\/uploads\/2019\/02\/AdapterThor6015zu30.png\" \/><\/div>\n<div class=\"beschreibung\">\n<h3 style=\"color: #03a9f4;\">AdapterThor6015zu30<\/h3>\n<p><a class=\"downloadbutton\" href=\"https:\/\/www.bakaros.de\/wp-content\/uploads\/2019\/02\/AdapterThor6015zu30.zip\">3D-Daten herunterladen<\/a>\n<\/div>\n<\/div>\n<div class=\"anwendungen\">\n<div class=\"vorschau\"><img decoding=\"async\" src=\"https:\/\/www.bakaros.de\/wp-content\/uploads\/2019\/02\/Fokusauszug-Antrieb.png\" \/><\/div>\n<div class=\"beschreibung\">\n<h3 style=\"color: #03a9f4;\">Fokusauszug Antrieb<\/h3>\n<p><a class=\"downloadbutton\" href=\"https:\/\/www.bakaros.de\/wp-content\/uploads\/2019\/02\/Fokusauszug_Antrieb_M2.zip\">3D-Daten herunterladen<\/a>\n<\/div>\n<\/div>\n<div class=\"anwendungen reverse\">\n<div class=\"vorschau\"><img decoding=\"async\" src=\"https:\/\/www.bakaros.de\/wp-content\/uploads\/2019\/02\/Fokusauszug-GUZ.png\" \/><\/div>\n<div class=\"beschreibung\">\n<h3 style=\"color: #03a9f4;\">Fokusauszug GUZ<\/h3>\n<p><a class=\"downloadbutton\" href=\"https:\/\/www.bakaros.de\/wp-content\/uploads\/2019\/02\/Fokusauszug_GUZ_M2.zip\">3D-Daten herunterladen<\/a>\n<\/div>\n<\/div>\n<div class=\"anwendungen\">\n<div class=\"vorschau\"><img decoding=\"async\" src=\"https:\/\/www.bakaros.de\/wp-content\/uploads\/2019\/02\/Fokusauszug-UZ-M2.png\" \/><\/div>\n<div class=\"beschreibung\">\n<h3 style=\"color: #03a9f4;\">Fokusauszug UZ<\/h3>\n<p><a class=\"downloadbutton\" href=\"https:\/\/www.bakaros.de\/wp-content\/uploads\/2019\/02\/Fokusauszug_UZ_M2.zip\">3D-Daten herunterladen<\/a>\n<\/div>\n<\/div>\n<div class=\"anwendungen reverse\">\n<div class=\"vorschau\"><img decoding=\"async\" src=\"https:\/\/www.bakaros.de\/wp-content\/uploads\/2019\/02\/Huellenklammer-Halb.png\" \/><\/div>\n<div class=\"beschreibung\">\n<h3 style=\"color: #03a9f4;\">H\u00fcllenklammer Halb<\/h3>\n<p><a class=\"downloadbutton\" href=\"https:\/\/www.bakaros.de\/wp-content\/uploads\/2019\/02\/Huellenklammer_Halb.zip\">3D-Daten herunterladen<\/a>\n<\/div>\n<\/div>\n<div class=\"anwendungen\">\n<div class=\"vorschau\"><img decoding=\"async\" src=\"https:\/\/www.bakaros.de\/wp-content\/uploads\/2019\/02\/Huellenklammer-Halb-60.png\" \/><\/div>\n<div class=\"beschreibung\">\n<h3 style=\"color: #03a9f4;\">H\u00fcllenklammer Halb 60<\/h3>\n<p><a class=\"downloadbutton\" href=\"https:\/\/www.bakaros.de\/wp-content\/uploads\/2019\/11\/Huellenklammer_Halb_60_Vorspannung.zip\">3D-Daten herunterladen<\/a>\n<\/div>\n<\/div>\n<div class=\"anwendungen reverse\">\n<div class=\"vorschau\"><img decoding=\"async\" src=\"https:\/\/www.bakaros.de\/wp-content\/uploads\/2019\/11\/thumbnail_Huellenklammer_lang.png\" \/><\/div>\n<div class=\"beschreibung\">\n<h3 style=\"color: #03a9f4;\">H\u00fcllenklammer Halb 60 lang<\/h3>\n<p><a class=\"downloadbutton\" href=\"https:\/\/www.bakaros.de\/wp-content\/uploads\/2019\/11\/Huellenklammer_Halb_60_Vorspannung_Lang.zip\">3D-Daten herunterladen<\/a>\n<\/div>\n<\/div>\n<div class=\"anwendungen\">\n<div class=\"vorschau\"><img decoding=\"async\" src=\"https:\/\/www.bakaros.de\/wp-content\/uploads\/2019\/02\/Featherhalterung.png\" \/><\/div>\n<div class=\"beschreibung\">\n<h3 style=\"color: #03a9f4;\">Featherhalterung<\/h3>\n<p><a class=\"downloadbutton\" href=\"https:\/\/www.bakaros.de\/wp-content\/uploads\/2019\/02\/Featherhalterung_SW.zip\">3D-Daten herunterladen<\/a>\n<\/div>\n<\/div>\n<div class=\"anwendungen reverse\">\n<div class=\"vorschau\"><img decoding=\"async\" src=\"https:\/\/www.bakaros.de\/wp-content\/uploads\/2019\/02\/Breadboard-Halterung.png\" \/><\/div>\n<div class=\"beschreibung\">\n<h3 style=\"color: #03a9f4;\">Breadboard Halterung<\/h3>\n<p><a class=\"downloadbutton\" href=\"https:\/\/www.bakaros.de\/wp-content\/uploads\/2019\/02\/Breadboard_Halterung.zip\">3D-Daten herunterladen<\/a>\n<\/div>\n<\/div>\n<div class=\"anwendungen\">\n<div class=\"vorschau\"><img decoding=\"async\" src=\"https:\/\/www.bakaros.de\/wp-content\/uploads\/2019\/02\/Displayfassung-3015.png\" \/><\/div>\n<div class=\"beschreibung\">\n<h3 style=\"color: #03a9f4;\">Displayfassung 3015<\/h3>\n<p><a class=\"downloadbutton\" href=\"https:\/\/www.bakaros.de\/wp-content\/uploads\/2019\/02\/Displayfassung_3015_M2.zip\">3D-Daten herunterladen<\/a>\n<\/div>\n<\/div>\n<div class=\"anwendungen reverse\">\n<div class=\"vorschau\"><img decoding=\"async\" src=\"https:\/\/www.bakaros.de\/wp-content\/uploads\/2019\/02\/Folienhalter-3015-Clipteil.png\" \/><\/div>\n<div class=\"beschreibung\">\n<h3 style=\"color: #03a9f4;\">Folienhalter 3015 Clipteil<\/h3>\n<p><a class=\"downloadbutton\" href=\"https:\/\/www.bakaros.de\/wp-content\/uploads\/2019\/02\/Folienhalter_3015_Clipteil.zip\">3D-Daten herunterladen<\/a>\n<\/div>\n<\/div>\n<div class=\"anwendungen\">\n<div class=\"vorschau\"><img decoding=\"async\" src=\"https:\/\/www.bakaros.de\/wp-content\/uploads\/2019\/02\/Folienhalter-3015-Hauptteil.png\" \/><\/div>\n<div class=\"beschreibung\">\n<h3 style=\"color: #03a9f4;\">Folienhalter 3015<\/h3>\n<p><a class=\"downloadbutton\" href=\"https:\/\/www.bakaros.de\/wp-content\/uploads\/2019\/02\/Folienhalter_3015_Hauptteil.zip\">3D-Daten herunterladen<\/a>\n<\/div>\n<\/div>\n<div class=\"anwendungen reverse\">\n<div class=\"vorschau\"><img decoding=\"async\" src=\"https:\/\/www.bakaros.de\/wp-content\/uploads\/2019\/02\/SchalterHalter.png\" \/><\/div>\n<div class=\"beschreibung\">\n<h3 style=\"color: #03a9f4;\">Schalterhalter<\/h3>\n<p><a class=\"downloadbutton\" href=\"https:\/\/www.bakaros.de\/wp-content\/uploads\/2019\/02\/SchalterHalter_SW.zip\">3D-Daten herunterladen<\/a>\n<\/div>\n<\/div>\n<div class=\"anwendungen\">\n<div class=\"vorschau\"><img decoding=\"async\" src=\"https:\/\/www.bakaros.de\/wp-content\/uploads\/2019\/11\/thumbnail_fotostativadapter.png\" \/><\/div>\n<div class=\"beschreibung\">\n<h3 style=\"color: #03a9f4;\">Adapter f\u00fcr Fotostativ<\/h3>\n<p><a class=\"downloadbutton\" href=\"https:\/\/www.bakaros.de\/wp-content\/uploads\/2019\/11\/Fotostativadapter.zip\">3D-Daten herunterladen<\/a>\n<\/div>\n<\/div>\n<p><!-- ##### auskommentiert #########\n\n\n\n\n<div class=\"anwendungen reverse\">\n\n\n\n\n<div class=\"vorschau\"><img decoding=\"async\" src=\"https:\/\/www.bakaros.de\/wp-content\/uploads\/2019\/02\/neues_bauteil.png\" \/><\/div>\n\n\n\n\n\n\n\n\n<div class=\"beschreibung\">\n\n\n\n\n<h3 style=\"color: #03a9f4;\">Linsenfassung D45 6015<\/h3>\n\n\n\n\n<a class=\"downloadbutton\" href=\"https:\/\/www.bakaros.de\/wp-content\/uploads\/2019\/11\/Optikfassung_M4.zip\">3D-Daten herunterladen<\/a>\n<\/div>\n\n\n\n\n<\/div>\n\n\n\n\n auskommentiert Ende ####--><\/p>\n<div class=\"anwendungen\">\n<div class=\"vorschau\"><img decoding=\"async\" src=\"https:\/\/www.bakaros.de\/wp-content\/uploads\/2019\/02\/Optikfassung3.png\" \/><\/div>\n<div class=\"beschreibung\">\n<h3 style=\"color: #03a9f4;\">Optikfassung 3<\/h3>\n<p><a class=\"downloadbutton\" href=\"https:\/\/www.bakaros.de\/wp-content\/uploads\/2019\/11\/Optikfassung3_klammerMod.zip\">3D-Daten herunterladen<\/a><br \/>\n<a class=\"downloadbutton\" href=\"https:\/\/www.bakaros.de\/wp-content\/uploads\/2019\/11\/Anleitung-zum-Ausbauen-eine-iPhone-5s-Optikmoduls-aus-dem-Kameramodul.pdf\">Anleitung zum Ausbau eines Optikmodules<\/a>\n<\/div>\n<\/div>\n<div class=\"anwendungen reverse\">\n<div class=\"vorschau\"><img decoding=\"async\" src=\"https:\/\/www.bakaros.de\/wp-content\/uploads\/2019\/02\/Optikfassung2.png\" \/><\/div>\n<div class=\"beschreibung\">\n<h3 style=\"color: #03a9f4;\">Optikfassung 2<\/h3>\n<p><a class=\"downloadbutton\" href=\"https:\/\/www.bakaros.de\/wp-content\/uploads\/2019\/02\/Optikfassung2.zip\">3D-Daten herunterladen<\/a><br \/>\n<a class=\"downloadbutton\" href=\"https:\/\/www.bakaros.de\/wp-content\/uploads\/2019\/11\/Anleitung-zum-Ausbauen-eine-iPhone-5s-Optikmoduls-aus-dem-Kameramodul.pdf\">Anleitung zum Ausbau eines Optikmodules<\/a>\n<\/div>\n<\/div>\n<div class=\"anwendungen\">\n<div class=\"vorschau\"><img decoding=\"async\" src=\"https:\/\/www.bakaros.de\/wp-content\/uploads\/2019\/02\/Steckblende18D3-klein.png\" \/><\/div>\n<div class=\"beschreibung\">\n<h3 style=\"color: #03a9f4;\">Steckblende 18 D3 klein<\/h3>\n<p><a class=\"downloadbutton\" href=\"https:\/\/www.bakaros.de\/wp-content\/uploads\/2019\/02\/Steckblende18D3_klein.zip\">3D-Daten herunterladen<\/a>\n<\/div>\n<\/div>\n<div class=\"anwendungen reverse\">\n<div class=\"vorschau\"><img decoding=\"async\" src=\"https:\/\/www.bakaros.de\/wp-content\/uploads\/2019\/02\/SteckhalterungD18-Laser12.png\" \/><\/div>\n<div class=\"beschreibung\">\n<h3 style=\"color: #03a9f4;\">Steckhalterung D18 Laser 12<\/h3>\n<p><a class=\"downloadbutton\" href=\"https:\/\/www.bakaros.de\/wp-content\/uploads\/2019\/02\/SteckhalterungD18_Laser12.zip\">3D-Daten herunterladen<\/a>\n<\/div>\n<\/div>\n<div class=\"anwendungen\">\n<div class=\"vorschau\"><img decoding=\"async\" src=\"https:\/\/www.bakaros.de\/wp-content\/uploads\/2019\/11\/thumbnail_reduzierring.png\" \/><\/div>\n<div class=\"beschreibung\">\n<h3 style=\"color: #03a9f4;\">Reduzierring f\u00fcr Linsen mit 16,5mm Durchmesser<\/h3>\n<p><a class=\"downloadbutton\" href=\"https:\/\/www.bakaros.de\/wp-content\/uploads\/2019\/11\/Reduzierring_LinseD1650-1.zip\">3D-Daten herunterladen<\/a>\n<\/div>\n<\/div>\n<div class=\"anwendungen reverse\">\n<div class=\"vorschau\"><img decoding=\"async\" src=\"https:\/\/www.bakaros.de\/wp-content\/uploads\/2019\/11\/Motivrad.png\" \/><\/div>\n<div class=\"beschreibung\">\n<h3 style=\"color: #03a9f4;\">Motivrad<\/h3>\n<p><a class=\"downloadbutton\" href=\"https:\/\/www.bakaros.de\/wp-content\/uploads\/2019\/11\/Motivrad1.zip\">SVG herunterladen<\/a><br \/>\n<a class=\"downloadbutton\" href=\"https:\/\/www.bakaros.de\/wp-content\/uploads\/2019\/11\/Motivrad1.pdf\">PDF herunterladen<\/a>\n<\/div>\n<\/div>\n<div class=\"anwendungen\">\n<div class=\"vorschau\"><img decoding=\"async\" src=\"https:\/\/www.bakaros.de\/wp-content\/uploads\/2019\/11\/Blendenrad.png\" \/><\/div>\n<div class=\"beschreibung\">\n<h3 style=\"color: #03a9f4;\">Blendenrad<\/h3>\n<p><a class=\"downloadbutton\" href=\"https:\/\/www.bakaros.de\/wp-content\/uploads\/2019\/11\/Blendenrad1.zip\">SVG herunterladen<\/a><br \/>\n<a class=\"downloadbutton\" href=\"https:\/\/www.bakaros.de\/wp-content\/uploads\/2019\/11\/Blendenrad1.pdf\">PDF herunterladen<\/a>\n<\/div>\n<\/div>\n<div class=\"anwendungen reverse\">\n<div class=\"vorschau\"><img decoding=\"async\" src=\"https:\/\/www.bakaros.de\/wp-content\/uploads\/2019\/11\/Folienhalter_Schlitzblende.png\" \/><\/div>\n<div class=\"beschreibung\">\n<h3 style=\"color: #03a9f4;\">Folienhalter und Schlitzblende<\/h3>\n<p><a class=\"downloadbutton\" href=\"https:\/\/www.bakaros.de\/wp-content\/uploads\/2019\/11\/Folienhalter_und_Schlitzblende.zip\">SVG herunterladen<\/a><br \/>\n<a class=\"downloadbutton\" href=\"https:\/\/www.bakaros.de\/wp-content\/uploads\/2019\/11\/Folienhalter_und_Schlitzblende.pdf\">PDF herunterladen<\/a>\n<\/div>\n<\/div>\n","protected":false},"excerpt":{"rendered":"<p>Bauteile Doppellinsenfassung D18 3015 3D-Daten herunterladen Winkel Spiegel 3030 3D-Daten herunterladen Linsenfassung D61 6015 3D-Daten herunterladen AdapterThor6015zu30 3D-Daten herunterladen Fokusauszug Antrieb 3D-Daten herunterladen Fokusauszug GUZ 3D-Daten herunterladen Fokusauszug UZ 3D-Daten herunterladen H\u00fcllenklammer Halb 3D-Daten herunterladen H\u00fcllenklammer Halb 60 3D-Daten herunterladen H\u00fcllenklammer Halb 60 lang 3D-Daten herunterladen Featherhalterung 3D-Daten herunterladen Breadboard Halterung 3D-Daten herunterladen Displayfassung 3015&hellip; <br \/> <a class=\"button small blue\" href=\"https:\/\/www.bakaros.de\/?page_id=174\">Weiterlesen<\/a><\/p>\n","protected":false},"author":2,"featured_media":0,"parent":165,"menu_order":2,"comment_status":"closed","ping_status":"closed","template":"","meta":{"footnotes":""},"class_list":["post-174","page","type-page","status-publish","hentry","user-has-not-earned"],"_links":{"self":[{"href":"https:\/\/www.bakaros.de\/index.php?rest_route=\/wp\/v2\/pages\/174","targetHints":{"allow":["GET"]}}],"collection":[{"href":"https:\/\/www.bakaros.de\/index.php?rest_route=\/wp\/v2\/pages"}],"about":[{"href":"https:\/\/www.bakaros.de\/index.php?rest_route=\/wp\/v2\/types\/page"}],"author":[{"embeddable":true,"href":"https:\/\/www.bakaros.de\/index.php?rest_route=\/wp\/v2\/users\/2"}],"replies":[{"embeddable":true,"href":"https:\/\/www.bakaros.de\/index.php?rest_route=%2Fwp%2Fv2%2Fcomments&post=174"}],"version-history":[{"count":39,"href":"https:\/\/www.bakaros.de\/index.php?rest_route=\/wp\/v2\/pages\/174\/revisions"}],"predecessor-version":[{"id":1263,"href":"https:\/\/www.bakaros.de\/index.php?rest_route=\/wp\/v2\/pages\/174\/revisions\/1263"}],"up":[{"embeddable":true,"href":"https:\/\/www.bakaros.de\/index.php?rest_route=\/wp\/v2\/pages\/165"}],"wp:attachment":[{"href":"https:\/\/www.bakaros.de\/index.php?rest_route=%2Fwp%2Fv2%2Fmedia&parent=174"}],"curies":[{"name":"wp","href":"https:\/\/api.w.org\/{rel}","templated":true}]}}