{"id":251,"date":"2018-04-21T05:08:46","date_gmt":"2018-04-21T05:08:46","guid":{"rendered":"https:\/\/www.bakaros.de\/?page_id=251"},"modified":"2018-04-21T05:08:46","modified_gmt":"2018-04-21T05:08:46","slug":"datenschutzerklarung","status":"publish","type":"page","link":"https:\/\/www.bakaros.de\/?page_id=251","title":{"rendered":"Datenschutzerkl\u00e4rung"},"content":{"rendered":"<p>Die Fraunhofer-Gesellschaft zur F\u00f6rderung der angewandten Forschung e.V. (Fraunhofer-Gesellschaft) nimmt den Schutz Ihrer personenbezogenen Daten sehr ernst. Wir verarbeiten personenbezogene Daten, die beim Besuch unserer Webseiten erhoben werden, unter Beachtung der geltenden datenschutzrechtlichen Bestimmungen. Ihre Daten werden von uns weder ver\u00f6ffentlicht, noch unberechtigt an Dritte weitergegeben.<\/p>\n<p>Im Folgenden erl\u00e4utern wir, welche Daten wir w\u00e4hrend Ihres Besuches auf unseren Webseiten erfassen und wie genau diese verwendet werden:<\/p>\n<ol class=\"fhg-list\">\n<li><a href=\"https:\/\/www.iao.fraunhofer.de\/lang-de\/component\/content\/article.html?id=221#datenerhebung\">Datenerhebung und -verarbeitung bei Zugriffen aus dem Internet<\/a><\/li>\n<li><a href=\"https:\/\/www.iao.fraunhofer.de\/lang-de\/component\/content\/article.html?id=221#bestellungen\">Bestellungen<\/a><\/li>\n<li><a href=\"https:\/\/www.iao.fraunhofer.de\/lang-de\/component\/content\/article.html?id=221#nutzung\">Nutzung und Weitergabe personenbezogener Daten<\/a><\/li>\n<li><a href=\"https:\/\/www.iao.fraunhofer.de\/lang-de\/component\/content\/article.html?id=221#weiternutzung\">Einwilligung in weitergehende Nutzung<\/a>\n<ul class=\"fhg-list\">\n<li>4.1 Newsletter und Presseverteiler<\/li>\n<li>4.2 G\u00e4steb\u00fccher und Foren<\/li>\n<\/ul>\n<\/li>\n<li><a href=\"https:\/\/www.iao.fraunhofer.de\/lang-de\/component\/content\/article.html?id=221#cookies\">Cookies<\/a><\/li>\n<li><a href=\"https:\/\/www.iao.fraunhofer.de\/lang-de\/component\/content\/article.html?id=221#webanalyse\">Web-Analyse<\/a><\/li>\n<li><a href=\"https:\/\/www.iao.fraunhofer.de\/lang-de\/component\/content\/article.html?id=221#plug-ins\">Social PlugIns<\/a><\/li>\n<li><a href=\"https:\/\/www.iao.fraunhofer.de\/lang-de\/component\/content\/article.html?id=221#sicherheit\">Sicherheit<\/a><\/li>\n<li><a href=\"https:\/\/www.iao.fraunhofer.de\/lang-de\/component\/content\/article.html?id=221#links\">Links zu Webseiten anderer Anbieter<\/a><\/li>\n<li><a href=\"https:\/\/www.iao.fraunhofer.de\/lang-de\/component\/content\/article.html?id=221#auskunft\">Auskunftsrecht und Kontaktdaten<\/a><\/li>\n<li><a href=\"https:\/\/www.iao.fraunhofer.de\/lang-de\/component\/content\/article.html?id=221#gueltigkeit\">Einbeziehung, G\u00fcltigkeit und Aktualit\u00e4t der Datenschutzerkl\u00e4rung<\/a><\/li>\n<\/ol>\n<p><b><a name=\"datenerhebung\"><\/a>1. Datenerhebung und -verarbeitung bei Zugriffen aus dem Internet<\/b><br \/>\nWenn Sie unsere Webseiten besuchen, speichern unsere Webserver tempor\u00e4r jeden Zugriff in einer Protokolldatei. Folgende Daten werden erfasst und bis zur automatisierten L\u00f6schung gespeichert:<\/p>\n<ul class=\"fhg-list\">\n<li>IP-Adresse des anfragenden Rechners<\/li>\n<li>Datum und Uhrzeit des Zugriffs<\/li>\n<li>Name und URL der abgerufenen Datei<\/li>\n<li>\u00dcbertragene Datenmenge<\/li>\n<li>Meldung, ob der Abruf erfolgreich war<\/li>\n<li>Erkennungsdaten des verwendeten Browser- und Betriebssystems<\/li>\n<li>Webseite, von der aus der Zugriff erfolgt<\/li>\n<li>Name Ihres Internet Zugangs-Providers<\/li>\n<\/ul>\n<p>Die Verarbeitung dieser Daten erfolgt zum Zweck, die Nutzung der Webseite zu erm\u00f6glichen (Verbindungsaufbau), der Systemsicherheit, der technischen Administration der Netzinfrastruktur sowie zur Optimierung des Internetangebotes. Die IP-Adresse wird nur bei Angriffen auf die Netzinfrastruktur der Fraunhofer-Gesellschaft ausgewertet.<\/p>\n<p>\u00dcber die vorstehend genannten F\u00e4lle hinaus werden personenbezogene Daten nicht verarbeitet, es sei denn, Sie willigen ausdr\u00fccklich in eine weitergehende Verarbeitung ein. Pseudonyme Nutzungsprofile k\u00f6nnen gem. den Ausf\u00fchrungen zur Web-Analyse erstellt werden (s.u.).<\/p>\n<p><b> <a name=\"bestellungen\"><\/a>2. Bestellungen<\/b><br \/>\nSofern Sie Informationsmaterialien oder andere Waren \u00fcber unsere Webseiten bestellen, verwenden wir die dabei angegebenen Adressdaten nur zum Zweck der Abwicklung der Bestellung.<\/p>\n<p><b> <a name=\"nutzung\"><\/a>3. Nutzung und Weitergabe personenbezogener Daten<\/b><br \/>\nJegliche Nutzung Ihrer personenbezogenen Daten erfolgt nur zu den genannten Zwecken und in dem zur Erreichung dieser Zwecke erforderlichen Umfang. Eine Weitergabe an Dritte erfolgt nicht.<\/p>\n<p>\u00dcbermittlungen personenbezogener Daten an staatliche Einrichtungen und Beh\u00f6rden erfolgen nur im Rahmen zwingender nationaler Rechtsvorschriften oder wenn die Weitergabe im Fall von Angriffen auf unsere Netzinfrastruktur zur Rechts- oder Strafverfolgung erforderlich ist. Eine Weitergabe zu anderen Zwecken findet nicht statt.<\/p>\n<p><b> <a name=\"weiternutzung\"><\/a>4. Einwilligung in weitergehende Nutzung <\/b><br \/>\nDie Nutzung bestimmter Angebote auf unserer Webseite wie etwa Newsletter oder Foren kann eine vorherige Registrierung und eine weitergehende Verarbeitung personenbezogener Daten erfordern, beispielsweise eine l\u00e4ngerfristige Speicherung von E-Mail-Adressen, Nutzerkennungen und Passw\u00f6rtern. Die Verwendung solcher Daten erfolgt nur, wenn Sie uns diese \u00fcbermittelt und ausdr\u00fccklich vorab in die Verwendung eingewilligt haben. In den folgenden F\u00e4llen bitten wir Sie bspw. an gesonderter Stelle um Ihre Einwilligung:<\/p>\n<p><b> 4.1 Newsletter und Presseverteiler <\/b><br \/>\nUm sich bei einem Newsletter-Dienst der Fraunhofer-Gesellschaft anzumelden, ben\u00f6tigen wir mindestens Ihre E-Mail-Adresse, an die der Newsletter versendet werden soll. Weitere Angaben sind freiwillig und werden nur aufgrund Ihrer Einwilligung verwendet, bspw. um Sie pers\u00f6nlich ansprechen und R\u00fcckfragen zur E-Mailadresse kl\u00e4ren zu k\u00f6nnen. Bei postalischem Versand ben\u00f6tigen wir Ihre Adressdaten. Bei Presseverteilern sind Angaben zum Presseorgan, f\u00fcr das Sie t\u00e4tig sind n\u00f6tig, damit wir wissen, dass tats\u00e4chlich ein Presseorgan beliefert wird.<\/p>\n<p>In der Regel verwenden wir f\u00fcr die Registrierung das Double Opt-In-Verfahren. Das hei\u00dft, wir werden Ihnen erst dann Newsletter zusenden, wenn Sie Ihre Anmeldung nach Mitteilung Ihrer E-Mail-Adresse \u00fcber eine von uns zugesendete E-Mail und einen darin enthaltenen Link best\u00e4tigen. Die Anmeldung und die Best\u00e4tigung werden protokolliert. Damit soll sichergestellt werden, dass nur Sie selbst sich als Nutzer der angegebenen E-Mail-Adresse bei dem Newsletter-Dienst anmelden k\u00f6nnen. Ihre Best\u00e4tigung muss zeitnah zur \u00dcbersendung der E-Mail durch uns erfolgen, da andernfalls Ihre Anmeldung und E-Mail-Adresse in unserer Datenbank gel\u00f6scht wird. Bis zu einer Best\u00e4tigung durch Sie, nimmt unser Newsletter-Dienst keine weiteren Anmeldungen unter dieser E-Mail-Adresse entgegen.<\/p>\n<p>Sie k\u00f6nnen einen bei uns abonnierten Newsletter jederzeit abbestellen. Dazu k\u00f6nnen Sie uns entweder eine E-Mail zusenden oder \u00fcber einen Link am Ende des Newsletters eine Stornierung vornehmen.<\/p>\n<p><b> 4.2 G\u00e4steb\u00fccher und Foren<\/b><br \/>\nUm sich f\u00fcr ein Internet-Forum der Fraunhofer-Gesellschaft zu registrieren, ben\u00f6tigen wir mindestens eine Nutzerkennung, ein Kennwort sowie Ihre E-Mail-Adresse. Die Registrierung zu einem solchen Dienst kann zu Ihrem Schutz entsprechend der Anmeldung bei einem Newsletter-Dienst nur erfolgen, wenn Sie Ihre Anmeldung \u00fcber eine von uns zugesendete E-Mail und den darin enthaltenen Link best\u00e4tigen und wenn Sie, soweit f\u00fcr die Nutzung des Forums notwendig, in die Verwendung weiterer personenbezogenen Daten einwilligen.<\/p>\n<p>Sie k\u00f6nnen die genannten Dienste jederzeit k\u00fcndigen, indem Sie uns eine E-Mail \u00fcber die entsprechende Webseite des Dienstes zusenden.<\/p>\n<p>G\u00e4steb\u00fccher und Foren unterliegen grunds\u00e4tzlich keiner inhaltlichen Kontrolle der Fraunhofer-Gesellschaft. Gleichwohl behalten wir uns vor, nach eigenem Ermessen Eintr\u00e4ge zu l\u00f6schen und Nutzer von der weiteren Nutzung auszuschlie\u00dfen, insbesondere wenn Eintr\u00e4ge strafrechtlich relevante Tatbest\u00e4nde erf\u00fcllen oder mit den Zielen der Fraunhofer-Gesellschaft nicht zu vereinbaren sind.<\/p>\n<p><b> <a name=\"cookies\"><\/a>5. Cookies <\/b><br \/>\nAuf unseren Webseiten verwenden wir in der Regel keine Cookies. Lediglich ausnahmsweise werden Cookies eingesetzt, die Daten zur technischen Sitzungssteuerung im Speicher Ihres Browsers ablegen. Diese Daten werden mit dem Schlie\u00dfen Ihres Browsers gel\u00f6scht.<\/p>\n<p>Sollten wir ausnahmsweise in einem Cookie auch personenbezogene Daten speichern wollen, etwa eine Nutzerkennung, werden Sie besonders darauf hingewiesen. Siehe Abschnitt Web-Analyse.<\/p>\n<p>Nat\u00fcrlich k\u00f6nnen Sie unsere Webseiten auch ohne Cookies betrachten. Die meisten Browser akzeptieren Cookies jedoch automatisch. Sie k\u00f6nnen das Speichern von Cookies verhindern, indem Sie dies in Ihren Browser-Einstellungen festlegen. Wenn Sie keine Cookies akzeptieren, kann dies zu Funktionseinschr\u00e4nkungen unserer Angebote f\u00fchren.<\/p>\n<p><a name=\"webanalyse\"><\/a><b>6. Web-Analyse<\/b><br \/>\nPersonenbezogene Nutzerprofile werden nicht erstellt. \u00a7 15 Abs. 3 Telemediengesetz (TMG) erlaubt jedoch zu Zwecken der Werbung, Marktforschung und bedarfsgerechten Gestaltung von Angeboten die Verwendung von Nutzerprofilen unter einem Pseudonym, sofern der Nutzer dem nicht widerspricht:<\/p>\n<p>Diese Website benutzt die Open-Source-Software PIWIK zur statistischen Auswertung der Nutzung. Mit den Technologien des Anbieters werden auf unseren Webseiten Daten erhoben und gespeichert. Aus diesen Daten werden unter einem Pseudonym Nutzungsprofile zu Marketing- und Optimierungszwecken erstellt. Hierzu k\u00f6nnen Cookies eingesetzt werden. Bei Cookies handelt es sich um kleine Textdateien, die lokal im Zwischenspeicher des Internetbrowsers des Seitenbesuchers gespeichert werden. Die Cookies erm\u00f6glichen die Wiedererkennung des Internetbrowsers. Weiterhin kann \u00fcber einen Java-Script Code Ihr Nutzungsverhalten gemessen und diesbez\u00fcglich erhobene Daten k\u00f6nnen \u00fcber eine HTML-Verbindung direkt an Server des Anbieters in Deutschland bzw. der EU \u00fcbermittelt werden.<\/p>\n<p>Die mit den Tracking-Technologien erhobenen Daten werden ohne Ihre gesondert erteilte Einwilligung nicht dazu benutzt, Sie pers\u00f6nlich zu identifizieren. Die erhobenen Daten werden auch nicht mit personenbezogenen Daten \u00fcber den Tr\u00e4ger des Pseudonyms zusammengef\u00fchrt. Eine webseiten\u00fcbergreifende Analyse erfolgt ebenfalls nicht.<\/p>\n<p>Sofern Sie das Tracking technisch unterbinden wollen, k\u00f6nnen Sie JavaScript und Cookies in Ihrem Webbrowser deaktivieren. Im \u00dcbrigen k\u00f6nnen Sie der Datenerhebung und -speicherung auch jederzeit mit Wirkung f\u00fcr die Zukunft widersprechen:<\/p>\n<p>Bitte beachten Sie: Wenn Sie Cookies aus Ihrem Browser l\u00f6schen oder diese verfallen, m\u00fcssen Sie der Datenerfassung gegebenenfalls erneut widersprechen!<\/p>\n<p><b>7. Social PlugIns <\/b><br \/>\nAuf unseren Webseiten verwenden wir teilweise auch Social Plugins, bspw. solche der Sozialen Netzwerke Facebook, Twitter, YouTube oder Google+. Diese werden oftmals in den USA oder anderen L\u00e4ndern au\u00dferhalb Deutschlands und der EU technisch betrieben und teilweise \u00fcber nationale Gesellschaften in der EU angeboten (s. zu den Anbietern die Webseiten www.facebook.de, www.twitter.de, www.youtube.de oder www.google.de). Die PlugIns sind bspw. mit dem Logo der Firmen, Kommentarfeldern oder einem sog. \u201eLike- \u201c, \u201eGef\u00e4llt mir\u201c oder \u201e+1\u201c-Button gekennzeichnet.<\/p>\n<p>Wenn Sie eine Seite unseres Webauftritts in Ihrem Webbrowser \u00f6ffnen, die ein solches PlugIn beinhaltet, stellt Ihr Webbrowser eine direkte Verbindung mit den Servern des jeweiligen Anbieters im jeweiligen Land her.<\/p>\n<p>Durch die Einbindung der PlugIns erh\u00e4lt der Anbieter zumindest die Information, dass Sie eine bestimmte Seite unseres Webangebots besucht haben, ggf. auch weitere Informationen, die Ihr Webbrowser oder Ihr benutztes Ger\u00e4t preisgeben. Der Inhalt des PlugIns wird von Ihrem Webbrowser direkt vom Anbieter geladen und in unsere Webseite eingebunden. Wenn Sie bei dem betreffenden Anbieter registriert und eingeloggt sind, kann Ihr Besuch auch Ihrem Nutzer-Konto zugeordnet werden.<\/p>\n<p>Wenn Sie mit einem PlugIn interagieren, bspw. den &#8222;Like&#8220;-Button anklicken oder einen Kommentar in einem Formularfeld abgeben, wird diese Information zudem von Ihrem Browser direkt an den Anbieter \u00fcbermittelt und dort gespeichert und ggf. weiter benutzt und ver\u00f6ffentlicht.<\/p>\n<p>Zweck und Umfang der beschriebenen Datenerhebung und Nutzung sind v.a. Marketingma\u00dfnahmen des Anbieters und der Fraunhofer-Gesellschaft. Einzelheiten dazu und zu Ihren Rechten und Einstellungsm\u00f6glichkeiten zum Schutz Ihrer Privatsph\u00e4re k\u00f6nnen Sie direkt beim jeweiligen Anbieter in dessen Datenschutzerkl\u00e4rung nachlesen.<\/p>\n<p>Wenn Sie nicht m\u00f6chten, dass ein Anbieter \u00fcber unsere Webseiten Daten \u00fcber Sie sammelt, m\u00fcssen Sie PlugIns in Ihrem Webbrowser deaktivieren. Wenn Sie eine Verkn\u00fcpfung mit einem ggf. bestehenden Nutzer-Konto vermeiden wollen, m\u00fcssen Sie sich vor Ihrem Besuch unserer Webseiten ausloggen.<\/p>\n<p>Indem Sie unsere Webseiten besuchen, erkl\u00e4ren Sie sich mit den vorstehenden Bestimmungen einverstanden.<\/p>\n<p><b> <a name=\"sicherheit\"><\/a>8. Sicherheit<\/b><br \/>\nDie Fraunhofer-Gesellschaft setzt technische und organisatorische Sicherheitsma\u00dfnahmen ein, um Ihre durch uns verwalteten personenbezogenen Daten gegen zuf\u00e4llige oder vors\u00e4tzliche Manipulationen, Verlust, Zerst\u00f6rung oder gegen den Zugriff unberechtigter Personen zu sch\u00fctzen. Unsere Sicherheitsma\u00dfnahmen werden entsprechend der technologischen Entwicklung fortlaufend verbessert.<\/p>\n<p><b> <a name=\"links\"><\/a>9. Links zu Webseiten anderer Anbieter<\/b><br \/>\nUnsere Webseiten k\u00f6nnen Links zu Webseiten anderer Anbieter enthalten. Wir weisen darauf hin, dass diese Datenschutzerkl\u00e4rung ausschlie\u00dflich f\u00fcr die Webseiten der Fraunhofer-Gesellschaft gilt. Wir haben keinen Einfluss darauf und kontrollieren nicht, dass andere Anbieter die geltenden Datenschutzbestimmungen einhalten.<\/p>\n<p><b> <a name=\"auskunft\"><\/a>10. Auskunftsrecht und Kontaktdaten<\/b><br \/>\nIhnen steht ein Auskunftsrecht bez\u00fcglich der \u00fcber Sie gespeicherten personenbezogenen Daten und ferner ein Recht auf Berichtigung unrichtiger Daten, Sperrung und L\u00f6schung zu.<\/p>\n<p>Wenn Sie bei einzelnen Diensten der Fraunhofer-Gesellschaft als Nutzer registriert sind, bieten wir Ihnen teilweise auch an, die Daten \u00fcber ein Nutzer-Konto selbst einzusehen und gegebenenfalls zu l\u00f6schen oder zu \u00e4ndern.<\/p>\n<p>Wenn Sie Auskunft \u00fcber Ihre personenbezogenen Daten beziehungsweise deren Korrektur oder L\u00f6schung w\u00fcnschen oder weitergehende Fragen \u00fcber die Verwendung Ihrer uns \u00fcberlassenen personenbezogenen Daten haben, kontaktieren Sie bitte:<\/p>\n<p><span id=\"cloak75c68aa15346d879916d90fa73d6aa3f\"><a href=\"mailto:datenschutz@zv.fraunhofer.de\">datenschutz@zv.fraunhofer.de<\/a><\/span><\/p>\n<p>Sollten Sie mit uns per E-Mail in Kontakt treten wollen, weisen wir darauf hin, dass der Inhalt unverschl\u00fcsselter E-Mails von Dritten eingesehen werden kann. Wir empfehlen daher, vertrauliche Informationen verschl\u00fcsselt oder \u00fcber den Postweg zuzusenden.<\/p>\n<p><b> <a name=\"gueltigkeit\"><\/a>11. Einbeziehung, G\u00fcltigkeit und Aktualit\u00e4t der Datenschutzerkl\u00e4rung <\/b><br \/>\nMit der Nutzung unserer Webseite willigen Sie in die vorab beschriebene Datenverwendung ein. Die Datenschutzerkl\u00e4rung ist aktuell g\u00fcltig und datiert vom 1.5.2013.<\/p>\n<p>Durch die Weiterentwicklung unserer Webseite oder die Implementierung neuer Technologien kann es notwendig werden, diese Datenschutzerkl\u00e4rung zu \u00e4ndern. Die Fraunhofer-Gesellschaft beh\u00e4lt sich vor, die Datenschutzerkl\u00e4rung jederzeit mit Wirkung f\u00fcr die Zukunft zu \u00e4ndern. Wir empfehlen Ihnen, sich die aktuelle Datenschutzerkl\u00e4rung von Zeit zu Zeit erneut durchzulesen.<\/p>\n","protected":false},"excerpt":{"rendered":"<p>Die Fraunhofer-Gesellschaft zur F\u00f6rderung der angewandten Forschung e.V. (Fraunhofer-Gesellschaft) nimmt den Schutz Ihrer personenbezogenen Daten sehr ernst. Wir verarbeiten personenbezogene Daten, die beim Besuch unserer Webseiten erhoben werden, unter Beachtung der geltenden datenschutzrechtlichen Bestimmungen. Ihre Daten werden von uns weder ver\u00f6ffentlicht, noch unberechtigt an Dritte weitergegeben. Im Folgenden erl\u00e4utern wir, welche Daten wir w\u00e4hrend Ihres&hellip; <br \/> <a class=\"button small blue\" href=\"https:\/\/www.bakaros.de\/?page_id=251\">Weiterlesen<\/a><\/p>\n","protected":false},"author":2,"featured_media":0,"parent":0,"menu_order":0,"comment_status":"closed","ping_status":"closed","template":"","meta":{"footnotes":""},"class_list":["post-251","page","type-page","status-publish","hentry","user-has-not-earned"],"_links":{"self":[{"href":"https:\/\/www.bakaros.de\/index.php?rest_route=\/wp\/v2\/pages\/251","targetHints":{"allow":["GET"]}}],"collection":[{"href":"https:\/\/www.bakaros.de\/index.php?rest_route=\/wp\/v2\/pages"}],"about":[{"href":"https:\/\/www.bakaros.de\/index.php?rest_route=\/wp\/v2\/types\/page"}],"author":[{"embeddable":true,"href":"https:\/\/www.bakaros.de\/index.php?rest_route=\/wp\/v2\/users\/2"}],"replies":[{"embeddable":true,"href":"https:\/\/www.bakaros.de\/index.php?rest_route=%2Fwp%2Fv2%2Fcomments&post=251"}],"version-history":[{"count":1,"href":"https:\/\/www.bakaros.de\/index.php?rest_route=\/wp\/v2\/pages\/251\/revisions"}],"predecessor-version":[{"id":252,"href":"https:\/\/www.bakaros.de\/index.php?rest_route=\/wp\/v2\/pages\/251\/revisions\/252"}],"wp:attachment":[{"href":"https:\/\/www.bakaros.de\/index.php?rest_route=%2Fwp%2Fv2%2Fmedia&parent=251"}],"curies":[{"name":"wp","href":"https:\/\/api.w.org\/{rel}","templated":true}]}}